{"id":16336,"date":"2026-02-24T13:03:29","date_gmt":"2026-02-24T12:03:29","guid":{"rendered":"https:\/\/www.incide.it\/ingegneria-architettura-sostenibile\/"},"modified":"2026-03-05T09:09:24","modified_gmt":"2026-03-05T08:09:24","slug":"durabilite-comme-strategie-dentreprise","status":"publish","type":"page","link":"https:\/\/www.incide.it\/fr\/durabilite-comme-strategie-dentreprise\/","title":{"rendered":"Durabilit\u00e9 comme strat\u00e9gie d\u2019entreprise"},"content":{"rendered":"","protected":false},"excerpt":{"rendered":"<p>La durabilit\u00e9 comme strat\u00e9gie d\u2019entreprise : approche int\u00e9gr\u00e9e du cycle de vie (ACV, CCV), standards NZEB, expertises certifi\u00e9es, responsabilit\u00e9 sociale et innovation num\u00e9rique (BIM, IA, conception param\u00e9trique) pour b\u00e2timents et infrastructures durables.<\/p>\n","protected":false},"author":2,"featured_media":0,"parent":0,"menu_order":0,"comment_status":"closed","ping_status":"closed","template":"","meta":{"_acf_changed":false,"footnotes":""},"class_list":["post-16336","page","type-page","status-publish","hentry"],"acf":[],"aioseo_notices":[],"jetpack_sharing_enabled":true,"_links":{"self":[{"href":"https:\/\/www.incide.it\/fr\/wp-json\/wp\/v2\/pages\/16336","targetHints":{"allow":["GET"]}}],"collection":[{"href":"https:\/\/www.incide.it\/fr\/wp-json\/wp\/v2\/pages"}],"about":[{"href":"https:\/\/www.incide.it\/fr\/wp-json\/wp\/v2\/types\/page"}],"author":[{"embeddable":true,"href":"https:\/\/www.incide.it\/fr\/wp-json\/wp\/v2\/users\/2"}],"replies":[{"embeddable":true,"href":"https:\/\/www.incide.it\/fr\/wp-json\/wp\/v2\/comments?post=16336"}],"version-history":[{"count":2,"href":"https:\/\/www.incide.it\/fr\/wp-json\/wp\/v2\/pages\/16336\/revisions"}],"predecessor-version":[{"id":16338,"href":"https:\/\/www.incide.it\/fr\/wp-json\/wp\/v2\/pages\/16336\/revisions\/16338"}],"wp:attachment":[{"href":"https:\/\/www.incide.it\/fr\/wp-json\/wp\/v2\/media?parent=16336"}],"curies":[{"name":"wp","href":"https:\/\/api.w.org\/{rel}","templated":true}]}}