{"id":5391,"date":"2019-06-25T12:38:34","date_gmt":"2019-06-25T10:38:34","guid":{"rendered":"https:\/\/www.incide.it\/azienda\/"},"modified":"2026-03-05T08:38:00","modified_gmt":"2026-03-05T07:38:00","slug":"societe","status":"publish","type":"page","link":"https:\/\/www.incide.it\/fr\/societe\/","title":{"rendered":"Soci\u00e9t\u00e9"},"content":{"rendered":"","protected":false},"excerpt":{"rendered":"<p>Incide Engineering est une entreprise d\u2019ing\u00e9nierie multidisciplinaire fournissant des services de conception int\u00e9gr\u00e9e dans les secteurs civil, industriel et des infrastructures. Gr\u00e2ce \u00e0 une qualit\u00e9 certifi\u00e9e ISO, des processus BIM avanc\u00e9s et une strat\u00e9gie durable ESG structur\u00e9e, nous accompagnons nos clients au niveau national et international pour des solutions performantes, durables et conformes aux standards internationaux.<\/p>\n","protected":false},"author":1,"featured_media":0,"parent":0,"menu_order":0,"comment_status":"closed","ping_status":"closed","template":"","meta":{"_acf_changed":false,"footnotes":""},"class_list":["post-5391","page","type-page","status-publish","hentry"],"acf":[],"aioseo_notices":[],"jetpack_sharing_enabled":true,"_links":{"self":[{"href":"https:\/\/www.incide.it\/fr\/wp-json\/wp\/v2\/pages\/5391","targetHints":{"allow":["GET"]}}],"collection":[{"href":"https:\/\/www.incide.it\/fr\/wp-json\/wp\/v2\/pages"}],"about":[{"href":"https:\/\/www.incide.it\/fr\/wp-json\/wp\/v2\/types\/page"}],"author":[{"embeddable":true,"href":"https:\/\/www.incide.it\/fr\/wp-json\/wp\/v2\/users\/1"}],"replies":[{"embeddable":true,"href":"https:\/\/www.incide.it\/fr\/wp-json\/wp\/v2\/comments?post=5391"}],"version-history":[{"count":4,"href":"https:\/\/www.incide.it\/fr\/wp-json\/wp\/v2\/pages\/5391\/revisions"}],"predecessor-version":[{"id":16352,"href":"https:\/\/www.incide.it\/fr\/wp-json\/wp\/v2\/pages\/5391\/revisions\/16352"}],"wp:attachment":[{"href":"https:\/\/www.incide.it\/fr\/wp-json\/wp\/v2\/media?parent=5391"}],"curies":[{"name":"wp","href":"https:\/\/api.w.org\/{rel}","templated":true}]}}