{"id":5741,"date":"2020-01-16T13:31:10","date_gmt":"2020-01-16T12:31:10","guid":{"rendered":"https:\/\/www.incide.it\/ingegneria-elettrica-e-meccanica\/"},"modified":"2024-07-08T17:47:53","modified_gmt":"2024-07-08T15:47:53","slug":"ingenierie-des-systemes-electriques-et-mecaniques","status":"publish","type":"page","link":"https:\/\/www.incide.it\/fr\/ingenierie-des-systemes-electriques-et-mecaniques\/","title":{"rendered":"Ing\u00e9nierie des syst\u00e8mes \u00e9lectriques et m\u00e9caniques"},"content":{"rendered":"","protected":false},"excerpt":{"rendered":"","protected":false},"author":1,"featured_media":0,"parent":0,"menu_order":0,"comment_status":"closed","ping_status":"closed","template":"","meta":{"_acf_changed":false,"footnotes":""},"class_list":["post-5741","page","type-page","status-publish","hentry"],"acf":[],"aioseo_notices":[],"jetpack_sharing_enabled":true,"_links":{"self":[{"href":"https:\/\/www.incide.it\/fr\/wp-json\/wp\/v2\/pages\/5741","targetHints":{"allow":["GET"]}}],"collection":[{"href":"https:\/\/www.incide.it\/fr\/wp-json\/wp\/v2\/pages"}],"about":[{"href":"https:\/\/www.incide.it\/fr\/wp-json\/wp\/v2\/types\/page"}],"author":[{"embeddable":true,"href":"https:\/\/www.incide.it\/fr\/wp-json\/wp\/v2\/users\/1"}],"replies":[{"embeddable":true,"href":"https:\/\/www.incide.it\/fr\/wp-json\/wp\/v2\/comments?post=5741"}],"version-history":[{"count":2,"href":"https:\/\/www.incide.it\/fr\/wp-json\/wp\/v2\/pages\/5741\/revisions"}],"predecessor-version":[{"id":5746,"href":"https:\/\/www.incide.it\/fr\/wp-json\/wp\/v2\/pages\/5741\/revisions\/5746"}],"wp:attachment":[{"href":"https:\/\/www.incide.it\/fr\/wp-json\/wp\/v2\/media?parent=5741"}],"curies":[{"name":"wp","href":"https:\/\/api.w.org\/{rel}","templated":true}]}}