{"id":5771,"date":"2019-12-09T16:02:02","date_gmt":"2019-12-09T15:02:02","guid":{"rendered":"https:\/\/www.incide.it\/ingegneria-della-facciata\/"},"modified":"2020-06-05T13:13:06","modified_gmt":"2020-06-05T11:13:06","slug":"facades-et-ingenierie-de-lenveloppe-du-batiment","status":"publish","type":"page","link":"https:\/\/www.incide.it\/fr\/facades-et-ingenierie-de-lenveloppe-du-batiment\/","title":{"rendered":"Fa\u00e7ades et ing\u00e9nierie de l&rsquo;enveloppe du b\u00e2timent"},"content":{"rendered":"","protected":false},"excerpt":{"rendered":"","protected":false},"author":1,"featured_media":0,"parent":0,"menu_order":0,"comment_status":"closed","ping_status":"closed","template":"","meta":{"_acf_changed":false,"footnotes":""},"class_list":["post-5771","page","type-page","status-publish","hentry"],"acf":[],"aioseo_notices":[],"jetpack_sharing_enabled":true,"_links":{"self":[{"href":"https:\/\/www.incide.it\/fr\/wp-json\/wp\/v2\/pages\/5771","targetHints":{"allow":["GET"]}}],"collection":[{"href":"https:\/\/www.incide.it\/fr\/wp-json\/wp\/v2\/pages"}],"about":[{"href":"https:\/\/www.incide.it\/fr\/wp-json\/wp\/v2\/types\/page"}],"author":[{"embeddable":true,"href":"https:\/\/www.incide.it\/fr\/wp-json\/wp\/v2\/users\/1"}],"replies":[{"embeddable":true,"href":"https:\/\/www.incide.it\/fr\/wp-json\/wp\/v2\/comments?post=5771"}],"version-history":[{"count":2,"href":"https:\/\/www.incide.it\/fr\/wp-json\/wp\/v2\/pages\/5771\/revisions"}],"predecessor-version":[{"id":5776,"href":"https:\/\/www.incide.it\/fr\/wp-json\/wp\/v2\/pages\/5771\/revisions\/5776"}],"wp:attachment":[{"href":"https:\/\/www.incide.it\/fr\/wp-json\/wp\/v2\/media?parent=5771"}],"curies":[{"name":"wp","href":"https:\/\/api.w.org\/{rel}","templated":true}]}}