{"id":6551,"date":"2019-12-09T17:27:28","date_gmt":"2019-12-09T16:27:28","guid":{"rendered":"https:\/\/www.incide.it\/download\/"},"modified":"2026-03-05T09:39:15","modified_gmt":"2026-03-05T08:39:15","slug":"telechargements","status":"publish","type":"page","link":"https:\/\/www.incide.it\/fr\/telechargements\/","title":{"rendered":"T\u00e9l\u00e9chargements"},"content":{"rendered":"","protected":false},"excerpt":{"rendered":"<p>L\u2019Espace T\u00e9l\u00e9chargement d\u2019Incide Engineering met \u00e0 disposition des ressources officielles pour le secteur AEC, incluant e-books techniques et \u00e9tudes de cas, brochure institutionnelle et documentation du Syst\u00e8me de Management Int\u00e9gr\u00e9 certifi\u00e9 ISO, d\u00e9di\u00e9s \u00e0 la conception int\u00e9gr\u00e9e, aux processus BIM et \u00e0 l\u2019innovation en ing\u00e9nierie.<\/p>\n","protected":false},"author":1,"featured_media":0,"parent":0,"menu_order":0,"comment_status":"closed","ping_status":"closed","template":"","meta":{"_acf_changed":false,"footnotes":""},"class_list":["post-6551","page","type-page","status-publish","hentry"],"acf":[],"aioseo_notices":[],"jetpack_sharing_enabled":true,"_links":{"self":[{"href":"https:\/\/www.incide.it\/fr\/wp-json\/wp\/v2\/pages\/6551","targetHints":{"allow":["GET"]}}],"collection":[{"href":"https:\/\/www.incide.it\/fr\/wp-json\/wp\/v2\/pages"}],"about":[{"href":"https:\/\/www.incide.it\/fr\/wp-json\/wp\/v2\/types\/page"}],"author":[{"embeddable":true,"href":"https:\/\/www.incide.it\/fr\/wp-json\/wp\/v2\/users\/1"}],"replies":[{"embeddable":true,"href":"https:\/\/www.incide.it\/fr\/wp-json\/wp\/v2\/comments?post=6551"}],"version-history":[{"count":3,"href":"https:\/\/www.incide.it\/fr\/wp-json\/wp\/v2\/pages\/6551\/revisions"}],"predecessor-version":[{"id":16343,"href":"https:\/\/www.incide.it\/fr\/wp-json\/wp\/v2\/pages\/6551\/revisions\/16343"}],"wp:attachment":[{"href":"https:\/\/www.incide.it\/fr\/wp-json\/wp\/v2\/media?parent=6551"}],"curies":[{"name":"wp","href":"https:\/\/api.w.org\/{rel}","templated":true}]}}