{"id":8414,"date":"2021-05-05T12:08:51","date_gmt":"2021-05-05T10:08:51","guid":{"rendered":"https:\/\/www.incide.it\/ingegneria-antincendio-fse\/"},"modified":"2021-06-04T15:40:12","modified_gmt":"2021-06-04T13:40:12","slug":"ingenierie-de-la-securite-incendie","status":"publish","type":"page","link":"https:\/\/www.incide.it\/fr\/ingenierie-de-la-securite-incendie\/","title":{"rendered":"Ing\u00e9nierie de la s\u00e9curit\u00e9 incendie"},"content":{"rendered":"","protected":false},"excerpt":{"rendered":"","protected":false},"author":2,"featured_media":0,"parent":0,"menu_order":0,"comment_status":"closed","ping_status":"closed","template":"","meta":{"_acf_changed":false,"footnotes":""},"class_list":["post-8414","page","type-page","status-publish","hentry"],"acf":[],"aioseo_notices":[],"jetpack_sharing_enabled":true,"_links":{"self":[{"href":"https:\/\/www.incide.it\/fr\/wp-json\/wp\/v2\/pages\/8414","targetHints":{"allow":["GET"]}}],"collection":[{"href":"https:\/\/www.incide.it\/fr\/wp-json\/wp\/v2\/pages"}],"about":[{"href":"https:\/\/www.incide.it\/fr\/wp-json\/wp\/v2\/types\/page"}],"author":[{"embeddable":true,"href":"https:\/\/www.incide.it\/fr\/wp-json\/wp\/v2\/users\/2"}],"replies":[{"embeddable":true,"href":"https:\/\/www.incide.it\/fr\/wp-json\/wp\/v2\/comments?post=8414"}],"version-history":[{"count":5,"href":"https:\/\/www.incide.it\/fr\/wp-json\/wp\/v2\/pages\/8414\/revisions"}],"predecessor-version":[{"id":8433,"href":"https:\/\/www.incide.it\/fr\/wp-json\/wp\/v2\/pages\/8414\/revisions\/8433"}],"wp:attachment":[{"href":"https:\/\/www.incide.it\/fr\/wp-json\/wp\/v2\/media?parent=8414"}],"curies":[{"name":"wp","href":"https:\/\/api.w.org\/{rel}","templated":true}]}}